{"id":23947266,"date":"2024-10-09T11:27:00","date_gmt":"2024-10-09T09:27:00","guid":{"rendered":"https:\/\/codelivery.tech\/?page_id=23947266"},"modified":"2024-10-09T11:27:01","modified_gmt":"2024-10-09T09:27:01","slug":"privacy-policy","status":"publish","type":"page","link":"https:\/\/codelivery.tech\/pl\/polityka-prywatnosci\/","title":{"rendered":"Polityka prywatno\u015bci"},"content":{"rendered":"<p>[et_pb_section fb_built=&#8221;1&#8243; theme_builder_area=&#8221;post_content&#8221; _builder_version=&#8221;4.27.0&#8243; _module_preset=&#8221;default&#8221;][et_pb_row _builder_version=&#8221;4.27.0&#8243; _module_preset=&#8221;default&#8221; theme_builder_area=&#8221;post_content&#8221;][et_pb_column _builder_version=&#8221;4.27.0&#8243; _module_preset=&#8221;default&#8221; type=&#8221;4_4&#8243; theme_builder_area=&#8221;post_content&#8221;][et_pb_text _builder_version=&#8221;4.27.0&#8243; _module_preset=&#8221;default&#8221; theme_builder_area=&#8221;post_content&#8221; hover_enabled=&#8221;0&#8243; sticky_enabled=&#8221;0&#8243;]<\/p>\n<h2>Polityka prywatno\u015bci<\/h2>\n<p>[\/et_pb_text][et_pb_text _builder_version=&#8221;4.27.0&#8243; _module_preset=&#8221;default&#8221; theme_builder_area=&#8221;post_content&#8221; text_font_size=&#8221;18px&#8221; hover_enabled=&#8221;0&#8243; sticky_enabled=&#8221;0&#8243;]<\/p>\n<p>1<strong>. Informacje og\u00f3lne<\/strong><br \/>Niniejsza polityka dotyczy strony internetowej dzia\u0142aj\u0105cej pod adresem URL: codelivery.tech.<br \/>Operatorem serwisu i administratorem danych osobowych jest:<br \/>KEY2PRINT Sp\u00f3\u0142ka z ograniczon\u0105 odpowiedzialno\u015bci\u0105<br \/>Sarmacka 1\/30, 02-972 Warszawa, Polska<br \/>E-mail: dominik.szulim@key2print.com<\/p>\n<p>Operator jest administratorem Twoich danych osobowych w odniesieniu do danych dobrowolnie podanych na stronie internetowej. Witryna przetwarza dane osobowe w nast\u0119puj\u0105cych celach:<\/p>\n<p>Zarz\u0105dzanie biuletynem<br \/>Obs\u0142uga zapyta\u0144 za po\u015brednictwem formularza kontaktowego<br \/>Us\u0142uga gromadzi informacje o u\u017cytkownikach i ich zachowaniu:<\/p>\n<p>Dane dobrowolnie wprowadzone do formularzy, kt\u00f3re s\u0105 wprowadzane do system\u00f3w operatora.<br \/>Przechowywanie plik\u00f3w cookie na urz\u0105dzeniach u\u017cytkownik\u00f3w ko\u0144cowych.<\/p>\n<p>&nbsp;<\/p>\n<p><strong>2. Wybrane metody ochrony danych stosowane przez operatora<\/strong><br \/>Obszary logowania i punkty wprowadzania danych osobowych s\u0105 zabezpieczone w warstwie transmisji (certyfikat SSL). Gwarantuje to, \u017ce dane osobowe wprowadzone na stronie internetowej s\u0105 szyfrowane na komputerze u\u017cytkownika i mog\u0105 by\u0107 odczytane tylko na serwerze docelowym.<br \/>Dane osobowe przechowywane w bazie danych s\u0105 szyfrowane w taki spos\u00f3b, \u017ce tylko operator mo\u017ce je odczyta\u0107 za pomoc\u0105 klucza.<br \/>Operator okresowo zmienia swoje has\u0142a administracyjne.<br \/>W celu ochrony danych przeprowadzane s\u0105 regularne aktualizacje oprogramowania, w tym aktualizacje komponent\u00f3w oprogramowania.<\/p>\n<p><strong>3. Hosting<\/strong><br \/>Witryna jest hostowana na serwerach operatora: dhosting. Firma hostingowa prowadzi logi na poziomie serwera w celu zapewnienia niezawodno\u015bci technicznej. Logowane dane mog\u0105 obejmowa\u0107:<\/p>\n<p>Zasoby identyfikowane przez adres URL<br \/>Czas \u017c\u0105dania<br \/>Nazwa stacji klienta (identyfikowana przez protok\u00f3\u0142 HTTP)<br \/>B\u0142\u0119dy napotkane podczas transakcji HTTP<br \/>Informacje o przegl\u0105darce u\u017cytkownika<br \/>Adres IP<br \/>Informacje diagnostyczne zwi\u0105zane z zamawianiem us\u0142ug.<\/p>\n<p>4. Prawa u\u017cytkownika i dodatkowe informacje na temat wykorzystania danych<br \/>W okre\u015blonych sytuacjach administrator ma prawo przekazywa\u0107 Twoje dane osobowe innym odbiorcom, je\u017celi jest to niezb\u0119dne do wykonania umowy z Tob\u0105 lub do wywi\u0105zania si\u0119 przez administratora z obowi\u0105zk\u00f3w wynikaj\u0105cych z przepis\u00f3w prawa. Takimi odbiorcami mog\u0105 by\u0107 m.in. dostawcy us\u0142ug marketingowych. Dane osobowe u\u017cytkownika s\u0105 przetwarzane przez okres nie d\u0142u\u017cszy ni\u017c jest to konieczne do realizacji wskazanych cel\u00f3w, przy czym dane marketingowe nie s\u0105 przetwarzane przez okres d\u0142u\u017cszy ni\u017c 3 lata.<\/p>\n<p>U\u017cytkownik ma prawo za\u017c\u0105da\u0107:<\/p>\n<p>Dost\u0119p do danych osobowych<br \/>Korekta danych<br \/>Usuwanie danych<br \/>Ograniczenie przetwarzania danych<br \/>Przenoszenie danych<br \/>U\u017cytkownik mo\u017ce sprzeciwi\u0107 si\u0119 przetwarzaniu danych ze wzgl\u0119du na uzasadnione interesy, w tym profilowanie, ale sprzeciw ten mo\u017ce by\u0107 nadrz\u0119dny wobec uzasadnionych podstaw przetwarzania, takich jak roszczenia prawne.<\/p>\n<p>Przys\u0142uguje Ci r\u00f3wnie\u017c prawo wniesienia skargi do Prezesa Urz\u0119du Ochrony Danych Osobowych w Polsce.<\/p>\n<p>Podanie danych osobowych jest dobrowolne, ale niezb\u0119dne do korzystania ze strony internetowej. Zautomatyzowane podejmowanie decyzji, w tym profilowanie, mo\u017ce mie\u0107 miejsce w celu \u015bwiadczenia us\u0142ug lub marketingu bezpo\u015bredniego.<\/p>\n<p><strong>5. Informacje w formularzach<\/strong><br \/>Witryna gromadzi dane dobrowolnie podane przez u\u017cytkownik\u00f3w, w tym dane osobowe. Mo\u017ce r\u00f3wnie\u017c przechowywa\u0107 szczeg\u00f3\u0142y po\u0142\u0105czenia, takie jak adresy IP i znaczniki czasu. W niekt\u00f3rych przypadkach dane w formularzach mog\u0105 by\u0107 powi\u0105zane z adresem e-mail u\u017cytkownika.<\/p>\n<p><strong>6. Dzienniki administratora<\/strong><br \/>Zachowanie u\u017cytkownika na stronie internetowej mo\u017ce by\u0107 rejestrowane do cel\u00f3w administracyjnych.<\/p>\n<p><strong>7. Wa\u017cne techniki marketingowe<\/strong><br \/>Operator korzysta z Google Analytics do analizy statystycznej ruchu na stronie internetowej. Zanonimizowane informacje s\u0105 przesy\u0142ane do Google bez podawania danych osobowych.<br \/>Techniki remarketingu dostosowuj\u0105 reklamy na podstawie zachowania u\u017cytkownika w witrynie. Chocia\u017c mo\u017ce si\u0119 wydawa\u0107, \u017ce dane osobowe s\u0105 wykorzystywane do \u015bledzenia, \u017cadne dane osobowe nie s\u0105 udost\u0119pniane reklamodawcom.<br \/>Technologia Facebook Pixel s\u0142u\u017cy do rozpoznawania zarejestrowanych u\u017cytkownik\u00f3w Facebooka, kt\u00f3rzy odwiedzaj\u0105 witryn\u0119, ale \u017cadne dane osobowe nie s\u0105 udost\u0119pniane Facebookowi.<br \/>Operator korzysta z narz\u0119dzi do analizy zachowa\u0144 u\u017cytkownik\u00f3w poprzez tworzenie map cieplnych i nagra\u0144 sesji, ale nagrania te s\u0105 anonimizowane przed transmisj\u0105.<br \/><strong>8. Informacje o plikach cookie<\/strong><br \/>Witryna wykorzystuje pliki cookie, kt\u00f3re s\u0105 plikami tekstowymi przechowywanymi na urz\u0105dzeniu u\u017cytkownika w celu poprawy komfortu przegl\u0105dania. Pliki cookie zazwyczaj zawieraj\u0105 nazw\u0119 strony internetowej, czas przechowywania i unikalny numer. Pliki cookie pomagaj\u0105 w utrzymaniu sesji u\u017cytkownika i wspieraj\u0105 wspomniane wcze\u015bniej techniki marketingowe.<\/p>\n<p>Stosowane s\u0105 dwa rodzaje plik\u00f3w cookie: sesyjne (tymczasowe) i trwa\u0142e (przechowywane przez okre\u015blony czas lub do momentu usuni\u0119cia przez u\u017cytkownika). Przegl\u0105darki zazwyczaj domy\u015blnie zezwalaj\u0105 na pliki cookie, ale ustawienia mo\u017cna zmieni\u0107, aby zablokowa\u0107 lub usun\u0105\u0107 pliki cookie.<\/p>\n<p><strong>9. Zarz\u0105dzanie plikami cookie<\/strong><br \/>Je\u015bli u\u017cytkownik nie chce otrzymywa\u0107 plik\u00f3w cookie, mo\u017ce zmieni\u0107 ustawienia przegl\u0105darki. Jednak wy\u0142\u0105czenie plik\u00f3w cookie niezb\u0119dnych do uwierzytelniania, bezpiecze\u0144stwa i preferencji u\u017cytkownika mo\u017ce pogorszy\u0107 funkcjonalno\u015b\u0107 witryny.<\/p>\n<p>&nbsp;<\/p>\n<ul data-stringify-type=\"unordered-list\" class=\"p-rich_text_list p-rich_text_list__bullet\" data-indent=\"1\" data-border=\"0\">\n<li data-stringify-indent=\"1\" data-stringify-border=\"0\"><a target=\"_blank\" class=\"c-link\" data-stringify-link=\"https:\/\/support.microsoft.com\/pl-pl\/help\/10607\/microsoft-edge-view-delete-browser-history\" delay=\"150\" data-sk=\"tooltip_parent\" href=\"https:\/\/support.microsoft.com\/pl-pl\/help\/10607\/microsoft-edge-view-delete-browser-history\" rel=\"noopener noreferrer\">Kraw\u0119d\u017a<\/a><\/li>\n<li data-stringify-indent=\"1\" data-stringify-border=\"0\"><a target=\"_blank\" class=\"c-link\" data-stringify-link=\"https:\/\/support.microsoft.com\/pl-pl\/help\/278835\/how-to-delete-cookie-files-in-internet-explorer\" delay=\"150\" data-sk=\"tooltip_parent\" href=\"https:\/\/support.microsoft.com\/pl-pl\/help\/278835\/how-to-delete-cookie-files-in-internet-explorer\" rel=\"noopener noreferrer\">Internet Explorer<\/a><\/li>\n<li data-stringify-indent=\"1\" data-stringify-border=\"0\"><a target=\"_blank\" class=\"c-link\" data-stringify-link=\"http:\/\/support.google.com\/chrome\/bin\/answer.py?hl=pl&amp;answer=95647\" delay=\"150\" data-sk=\"tooltip_parent\" href=\"http:\/\/support.google.com\/chrome\/bin\/answer.py?hl=pl&amp;answer=95647\" rel=\"noopener noreferrer\">Chrom<\/a><\/li>\n<li data-stringify-indent=\"1\" data-stringify-border=\"0\"><a target=\"_blank\" class=\"c-link\" data-stringify-link=\"http:\/\/support.apple.com\/kb\/PH5042\" delay=\"150\" data-sk=\"tooltip_parent\" href=\"http:\/\/support.apple.com\/kb\/PH5042\" rel=\"noopener noreferrer\">Safari<\/a><\/li>\n<li data-stringify-indent=\"1\" data-stringify-border=\"0\"><a target=\"_blank\" class=\"c-link\" data-stringify-link=\"http:\/\/support.mozilla.org\/pl\/kb\/W%C5%82%C4%85czanie%20i%20wy%C5%82%C4%85czanie%20obs%C5%82ugi%20ciasteczek\" delay=\"150\" data-sk=\"tooltip_parent\" href=\"http:\/\/support.mozilla.org\/pl\/kb\/W%C5%82%C4%85czanie%20i%20wy%C5%82%C4%85czanie%20obs%C5%82ugi%20ciasteczek\" rel=\"noopener noreferrer\">Firefox<\/a><\/li>\n<li data-stringify-indent=\"1\" data-stringify-border=\"0\"><a target=\"_blank\" class=\"c-link\" data-stringify-link=\"http:\/\/help.opera.com\/Windows\/12.10\/pl\/cookies.html\" delay=\"150\" data-sk=\"tooltip_parent\" href=\"http:\/\/help.opera.com\/Windows\/12.10\/pl\/cookies.html\" rel=\"noopener noreferrer\">Opera<\/a><br \/>Urz\u0105dzenia mobilne:<\/li>\n<\/ul>\n<ol data-stringify-type=\"ordered-list\" data-list-tree=\"false\" class=\"p-rich_text_list p-rich_text_list__ordered\" data-indent=\"0\" data-border=\"0\"><\/ol>\n<ul data-stringify-type=\"unordered-list\" class=\"p-rich_text_list p-rich_text_list__bullet\" data-indent=\"1\" data-border=\"0\">\n<li data-stringify-indent=\"1\" data-stringify-border=\"0\"><a target=\"_blank\" class=\"c-link\" data-stringify-link=\"http:\/\/support.google.com\/chrome\/bin\/answer.py?hl=pl&amp;answer=95647\" delay=\"150\" data-sk=\"tooltip_parent\" href=\"http:\/\/support.google.com\/chrome\/bin\/answer.py?hl=pl&amp;answer=95647\" rel=\"noopener noreferrer\">Android<\/a><\/li>\n<li data-stringify-indent=\"1\" data-stringify-border=\"0\"><a target=\"_blank\" class=\"c-link\" data-stringify-link=\"http:\/\/support.apple.com\/kb\/HT1677?viewlocale=pl_PL\" delay=\"150\" data-sk=\"tooltip_parent\" href=\"http:\/\/support.apple.com\/kb\/HT1677?viewlocale=pl_PL\" rel=\"noopener noreferrer\">Safari (iOS)<\/a><\/li>\n<li data-stringify-indent=\"1\" data-stringify-border=\"0\"><a target=\"_blank\" class=\"c-link\" data-stringify-link=\"http:\/\/www.windowsphone.com\/pl-pl\/how-to\/wp7\/web\/changing-privacy-and-other-browser-settings\" delay=\"150\" data-sk=\"tooltip_parent\" href=\"http:\/\/www.windowsphone.com\/pl-pl\/how-to\/wp7\/web\/changing-privacy-and-other-browser-settings\" rel=\"noopener noreferrer\">Windows Phone<\/a><\/li>\n<\/ul>\n<p>Niniejszy szablon polityki zosta\u0142 wygenerowany w celach informacyjnych w oparciu o praktyki bran\u017cowe i obowi\u0105zuj\u0105ce przepisy prawa (stan na 14 sierpnia 2018 r.). Zaleca si\u0119 zapoznanie si\u0119 z zasadami i dostosowanie ich do konkretnych potrzeb lub zasi\u0119gni\u0119cie porady prawnej. Nie ponosimy odpowiedzialno\u015bci za jakiekolwiek konsekwencje korzystania z tego dokumentu, poniewa\u017c dok\u0142adno\u015b\u0107 informacji zale\u017cy od u\u017cytkownika.<\/p>\n<p>[\/et_pb_text][\/et_pb_column][\/et_pb_row][\/et_pb_section]<\/p>","protected":false},"excerpt":{"rendered":"<p>Privacy Policy1. General InformationThis policy applies to the website operating under the URL: codelivery.tech.The service operator and personal data administrator is:KEY2PRINT Sp\u00f3\u0142ka z ograniczon\u0105 odpowiedzialno\u015bci\u0105Sarmacka 1 \/ 30, 02-972 Warsaw, PolandEmail: dominik.szulim@key2print.com The operator is the administrator of your personal data in relation to the data voluntarily provided on the website. The website processes personal [&hellip;]<\/p>","protected":false},"author":1,"featured_media":0,"parent":0,"menu_order":0,"comment_status":"closed","ping_status":"closed","template":"","meta":{"_et_pb_use_builder":"on","_et_pb_old_content":"","_et_gb_content_width":"","content-type":"","inline_featured_image":false,"_monsterinsights_skip_tracking":false,"_monsterinsights_sitenote_active":false,"_monsterinsights_sitenote_note":"","_monsterinsights_sitenote_category":0,"footnotes":""},"dipi_cpt_category":[],"class_list":["post-23947266","page","type-page","status-publish","hentry"],"rankMath":{"parentDomain":"codelivery.tech","noFollowDomains":[],"noFollowExcludeDomains":[],"noFollowExternalLinks":false,"featuredImageNotice":"Prezentowany obraz powinien mie\u0107 co najmniej 200 na 200 pikseli, aby m\u00f3g\u0142 go pobra\u0107 Facebook i inne serwisy spo\u0142eczno\u015bciowe.","pluginReviewed":false,"postSettings":{"linkSuggestions":true,"useFocusKeyword":false},"frontEndScore":false,"postName":"privacy-policy","permalinkFormat":"https:\/\/codelivery.tech\/pl\/%pagename%\/","showLockModifiedDate":true,"assessor":{"focusKeywordLink":"https:\/\/codelivery.tech\/wp-admin\/edit.php?focus_keyword=%focus_keyword%&post_type=%post_type%","hasTOCPlugin":false,"primaryTaxonomy":false,"serpData":{"title":"","description":"","focusKeywords":"","pillarContent":false,"canonicalUrl":"","breadcrumbTitle":"","advancedRobots":[],"facebookTitle":"","facebookDescription":"","facebookImage":"","facebookImageID":"","facebookHasOverlay":false,"facebookImageOverlay":"","facebookAuthor":"","twitterCardType":"","twitterUseFacebook":true,"twitterTitle":"","twitterDescription":"","twitterImage":"","twitterImageID":"","twitterHasOverlay":false,"twitterImageOverlay":"","twitterPlayerUrl":"","twitterPlayerSize":"","twitterPlayerStream":"","twitterPlayerStreamCtype":"","twitterAppDescription":"","twitterAppIphoneName":"","twitterAppIphoneID":"","twitterAppIphoneUrl":"","twitterAppIpadName":"","twitterAppIpadID":"","twitterAppIpadUrl":"","twitterAppGoogleplayName":"","twitterAppGoogleplayID":"","twitterAppGoogleplayUrl":"","twitterAppCountry":"","robots":{"noindex":true},"twitterAuthor":"u\u017cytkownik","primaryTerm":0,"authorName":"admin","titleTemplate":"%title% %page% %sep% %sitename%","descriptionTemplate":"","showScoreFrontend":true,"lockModifiedDate":false},"powerWords":[],"diacritics":{"A":"[\\u0041\\u24B6\\uFF21\\u00C0\\u00C1\\u00C2\\u1EA6\\u1EA4\\u1EAA\\u1EA8\\u00C3\\u0100\\u0102\\u1EB0\\u1EAE\\u1EB4\\u1EB2\\u0226\\u01E0\\u00C4\\u01DE\\u1EA2\\u00C5\\u01FA\\u01CD\\u0200\\u0202\\u1EA0\\u1EAC\\u1EB6\\u1E00\\u0104\\u023A\\u2C6F]","AA":"[\\uA732]","AE":"[\\u00C6\\u01FC\\u01E2]","AO":"[\\uA734]","AU":"[\\uA736]","AV":"[\\uA738\\uA73A]","AY":"[\\uA73C]","B":"[\\u0042\\u24B7\\uFF22\\u1E02\\u1E04\\u1E06\\u0243\\u0182\\u0181]","C":"[\\u0043\\u24B8\\uFF23\\u0106\\u0108\\u010A\\u010C\\u00C7\\u1E08\\u0187\\u023B\\uA73E]","D":"[\\u0044\\u24B9\\uFF24\\u1E0A\\u010E\\u1E0C\\u1E10\\u1E12\\u1E0E\\u0110\\u018B\\u018A\\u0189\\uA779]","DZ":"[\\u01F1\\u01C4]","Dz":"[\\u01F2\\u01C5]","E":"[\\u0045\\u24BA\\uFF25\\u00C8\\u00C9\\u00CA\\u1EC0\\u1EBE\\u1EC4\\u1EC2\\u1EBC\\u0112\\u1E14\\u1E16\\u0114\\u0116\\u00CB\\u1EBA\\u011A\\u0204\\u0206\\u1EB8\\u1EC6\\u0228\\u1E1C\\u0118\\u1E18\\u1E1A\\u0190\\u018E]","F":"[\\u0046\\u24BB\\uFF26\\u1E1E\\u0191\\uA77B]","G":"[\\u0047\\u24BC\\uFF27\\u01F4\\u011C\\u1E20\\u011E\\u0120\\u01E6\\u0122\\u01E4\\u0193\\uA7A0\\uA77D\\uA77E]","H":"[\\u0048\\u24BD\\uFF28\\u0124\\u1E22\\u1E26\\u021E\\u1E24\\u1E28\\u1E2A\\u0126\\u2C67\\u2C75\\uA78D]","I":"[\\u0049\\u24BE\\uFF29\\u00CC\\u00CD\\u00CE\\u0128\\u012A\\u012C\\u0130\\u00CF\\u1E2E\\u1EC8\\u01CF\\u0208\\u020A\\u1ECA\\u012E\\u1E2C\\u0197]","J":"[\\u004A\\u24BF\\uFF2A\\u0134\\u0248]","K":"[\\u004B\\u24C0\\uFF2B\\u1E30\\u01E8\\u1E32\\u0136\\u1E34\\u0198\\u2C69\\uA740\\uA742\\uA744\\uA7A2]","L":"[\\u004C\\u24C1\\uFF2C\\u013F\\u0139\\u013D\\u1E36\\u1E38\\u013B\\u1E3C\\u1E3A\\u0141\\u023D\\u2C62\\u2C60\\uA748\\uA746\\uA780]","LJ":"[\\u01C7]","Lj":"[\\u01C8]","M":"[\\u004D\\u24C2\\uFF2D\\u1E3E\\u1E40\\u1E42\\u2C6E\\u019C]","N":"[\\u004E\\u24C3\\uFF2E\\u01F8\\u0143\\u00D1\\u1E44\\u0147\\u1E46\\u0145\\u1E4A\\u1E48\\u0220\\u019D\\uA790\\uA7A4]","NJ":"[\\u01CA]","Nj":"[\\u01CB]","O":"[\\u004F\\u24C4\\uFF2F\\u00D2\\u00D3\\u00D4\\u1ED2\\u1ED0\\u1ED6\\u1ED4\\u00D5\\u1E4C\\u022C\\u1E4E\\u014C\\u1E50\\u1E52\\u014E\\u022E\\u0230\\u00D6\\u022A\\u1ECE\\u0150\\u01D1\\u020C\\u020E\\u01A0\\u1EDC\\u1EDA\\u1EE0\\u1EDE\\u1EE2\\u1ECC\\u1ED8\\u01EA\\u01EC\\u00D8\\u01FE\\u0186\\u019F\\uA74A\\uA74C]","OI":"[\\u01A2]","OO":"[\\uA74E]","OU":"[\\u0222]","P":"[\\u0050\\u24C5\\uFF30\\u1E54\\u1E56\\u01A4\\u2C63\\uA750\\uA752\\uA754]","Q":"[\\u0051\\u24C6\\uFF31\\uA756\\uA758\\u024A]","R":"[\\u0052\\u24C7\\uFF32\\u0154\\u1E58\\u0158\\u0210\\u0212\\u1E5A\\u1E5C\\u0156\\u1E5E\\u024C\\u2C64\\uA75A\\uA7A6\\uA782]","S":"[\\u0053\\u24C8\\uFF33\\u1E9E\\u015A\\u1E64\\u015C\\u1E60\\u0160\\u1E66\\u1E62\\u1E68\\u0218\\u015E\\u2C7E\\uA7A8\\uA784]","T":"[\\u0054\\u24C9\\uFF34\\u1E6A\\u0164\\u1E6C\\u021A\\u0162\\u1E70\\u1E6E\\u0166\\u01AC\\u01AE\\u023E\\uA786]","TZ":"[\\uA728]","U":"[\\u0055\\u24CA\\uFF35\\u00D9\\u00DA\\u00DB\\u0168\\u1E78\\u016A\\u1E7A\\u016C\\u00DC\\u01DB\\u01D7\\u01D5\\u01D9\\u1EE6\\u016E\\u0170\\u01D3\\u0214\\u0216\\u01AF\\u1EEA\\u1EE8\\u1EEE\\u1EEC\\u1EF0\\u1EE4\\u1E72\\u0172\\u1E76\\u1E74\\u0244]","V":"[\\u0056\\u24CB\\uFF36\\u1E7C\\u1E7E\\u01B2\\uA75E\\u0245]","VY":"[\\uA760]","W":"[\\u0057\\u24CC\\uFF37\\u1E80\\u1E82\\u0174\\u1E86\\u1E84\\u1E88\\u2C72]","X":"[\\u0058\\u24CD\\uFF38\\u1E8A\\u1E8C]","Y":"[\\u0059\\u24CE\\uFF39\\u1EF2\\u00DD\\u0176\\u1EF8\\u0232\\u1E8E\\u0178\\u1EF6\\u1EF4\\u01B3\\u024E\\u1EFE]","Z":"[\\u005A\\u24CF\\uFF3A\\u0179\\u1E90\\u017B\\u017D\\u1E92\\u1E94\\u01B5\\u0224\\u2C7F\\u2C6B\\uA762]","a":"[\\u0061\\u24D0\\uFF41\\u1E9A\\u00E0\\u00E1\\u00E2\\u1EA7\\u1EA5\\u1EAB\\u1EA9\\u00E3\\u0101\\u0103\\u1EB1\\u1EAF\\u1EB5\\u1EB3\\u0227\\u01E1\\u00E4\\u01DF\\u1EA3\\u00E5\\u01FB\\u01CE\\u0201\\u0203\\u1EA1\\u1EAD\\u1EB7\\u1E01\\u0105\\u2C65\\u0250]","aa":"[\\uA733]","ae":"[\\u00E6\\u01FD\\u01E3]","ao":"[\\uA735]","au":"[\\uA737]","av":"[\\uA739\\uA73B]","ay":"[\\uA73D]","b":"[\\u0062\\u24D1\\uFF42\\u1E03\\u1E05\\u1E07\\u0180\\u0183\\u0253]","c":"[\\u0063\\u24D2\\uFF43\\u0107\\u0109\\u010B\\u010D\\u00E7\\u1E09\\u0188\\u023C\\uA73F\\u2184]","d":"[\\u0064\\u24D3\\uFF44\\u1E0B\\u010F\\u1E0D\\u1E11\\u1E13\\u1E0F\\u0111\\u018C\\u0256\\u0257\\uA77A]","dz":"[\\u01F3\\u01C6]","e":"[\\u0065\\u24D4\\uFF45\\u00E8\\u00E9\\u00EA\\u1EC1\\u1EBF\\u1EC5\\u1EC3\\u1EBD\\u0113\\u1E15\\u1E17\\u0115\\u0117\\u00EB\\u1EBB\\u011B\\u0205\\u0207\\u1EB9\\u1EC7\\u0229\\u1E1D\\u0119\\u1E19\\u1E1B\\u0247\\u025B\\u01DD]","f":"[\\u0066\\u24D5\\uFF46\\u1E1F\\u0192\\uA77C]","g":"[\\u0067\\u24D6\\uFF47\\u01F5\\u011D\\u1E21\\u011F\\u0121\\u01E7\\u0123\\u01E5\\u0260\\uA7A1\\u1D79\\uA77F]","h":"[\\u0068\\u24D7\\uFF48\\u0125\\u1E23\\u1E27\\u021F\\u1E25\\u1E29\\u1E2B\\u1E96\\u0127\\u2C68\\u2C76\\u0265]","hv":"[\\u0195]","i":"[\\u0069\\u24D8\\uFF49\\u00EC\\u00ED\\u00EE\\u0129\\u012B\\u012D\\u00EF\\u1E2F\\u1EC9\\u01D0\\u0209\\u020B\\u1ECB\\u012F\\u1E2D\\u0268\\u0131]","j":"[\\u006A\\u24D9\\uFF4A\\u0135\\u01F0\\u0249]","k":"[\\u006B\\u24DA\\uFF4B\\u1E31\\u01E9\\u1E33\\u0137\\u1E35\\u0199\\u2C6A\\uA741\\uA743\\uA745\\uA7A3]","l":"[\\u006C\\u24DB\\uFF4C\\u0140\\u013A\\u013E\\u1E37\\u1E39\\u013C\\u1E3D\\u1E3B\\u017F\\u0142\\u019A\\u026B\\u2C61\\uA749\\uA781\\uA747]","lj":"[\\u01C9]","m":"[\\u006D\\u24DC\\uFF4D\\u1E3F\\u1E41\\u1E43\\u0271\\u026F]","n":"[\\u006E\\u24DD\\uFF4E\\u01F9\\u0144\\u00F1\\u1E45\\u0148\\u1E47\\u0146\\u1E4B\\u1E49\\u019E\\u0272\\u0149\\uA791\\uA7A5]","nj":"[\\u01CC]","o":"[\\u006F\\u24DE\\uFF4F\\u00F2\\u00F3\\u00F4\\u1ED3\\u1ED1\\u1ED7\\u1ED5\\u00F5\\u1E4D\\u022D\\u1E4F\\u014D\\u1E51\\u1E53\\u014F\\u022F\\u0231\\u00F6\\u022B\\u1ECF\\u0151\\u01D2\\u020D\\u020F\\u01A1\\u1EDD\\u1EDB\\u1EE1\\u1EDF\\u1EE3\\u1ECD\\u1ED9\\u01EB\\u01ED\\u00F8\\u01FF\\u0254\\uA74B\\uA74D\\u0275]","oi":"[\\u01A3]","ou":"[\\u0223]","oo":"[\\uA74F]","p":"[\\u0070\\u24DF\\uFF50\\u1E55\\u1E57\\u01A5\\u1D7D\\uA751\\uA753\\uA755]","q":"[\\u0071\\u24E0\\uFF51\\u024B\\uA757\\uA759]","r":"[\\u0072\\u24E1\\uFF52\\u0155\\u1E59\\u0159\\u0211\\u0213\\u1E5B\\u1E5D\\u0157\\u1E5F\\u024D\\u027D\\uA75B\\uA7A7\\uA783]","s":"[\\u0073\\u24E2\\uFF53\\u015B\\u1E65\\u015D\\u1E61\\u0161\\u1E67\\u1E63\\u1E69\\u0219\\u015F\\u023F\\uA7A9\\uA785\\u1E9B]","ss":"[\\u00DF]","t":"[\\u0074\\u24E3\\uFF54\\u1E6B\\u1E97\\u0165\\u1E6D\\u021B\\u0163\\u1E71\\u1E6F\\u0167\\u01AD\\u0288\\u2C66\\uA787]","tz":"[\\uA729]","u":"[\\u0075\\u24E4\\uFF55\\u00F9\\u00FA\\u00FB\\u0169\\u1E79\\u016B\\u1E7B\\u016D\\u00FC\\u01DC\\u01D8\\u01D6\\u01DA\\u1EE7\\u016F\\u0171\\u01D4\\u0215\\u0217\\u01B0\\u1EEB\\u1EE9\\u1EEF\\u1EED\\u1EF1\\u1EE5\\u1E73\\u0173\\u1E77\\u1E75\\u0289]","v":"[\\u0076\\u24E5\\uFF56\\u1E7D\\u1E7F\\u028B\\uA75F\\u028C]","vy":"[\\uA761]","w":"[\\u0077\\u24E6\\uFF57\\u1E81\\u1E83\\u0175\\u1E87\\u1E85\\u1E98\\u1E89\\u2C73]","x":"[\\u0078\\u24E7\\uFF58\\u1E8B\\u1E8D]","y":"[\\u0079\\u24E8\\uFF59\\u1EF3\\u00FD\\u0177\\u1EF9\\u0233\\u1E8F\\u00FF\\u1EF7\\u1E99\\u1EF5\\u01B4\\u024F\\u1EFF]","z":"[\\u007A\\u24E9\\uFF5A\\u017A\\u1E91\\u017C\\u017E\\u1E93\\u1E95\\u01B6\\u0225\\u0240\\u2C6C\\uA763]"},"researchesTests":["contentHasTOC","contentHasShortParagraphs","contentHasAssets","keywordInTitle","keywordInMetaDescription","keywordInPermalink","keywordIn10Percent","keywordInContent","keywordInSubheadings","keywordInImageAlt","keywordDensity","keywordNotUsed","lengthContent","lengthPermalink","linksHasInternal","linksHasExternals","linksNotAllExternals","titleStartWithKeyword","titleSentiment","titleHasPowerWords","titleHasNumber","hasContentAI"],"hasRedirection":false,"hasBreadcrumb":true},"homeUrl":"https:\/\/codelivery.tech\/pl","objectID":23947266,"objectType":"post","locale":"pl","localeFull":"pl_PL","overlayImages":{"play":{"name":"Ikona PLAY","url":"https:\/\/codelivery.tech\/wp-content\/plugins\/seo-by-rank-math\/assets\/admin\/img\/icon-play.png","path":"\/home\/klient.dhosting.pl\/key2print\/codelivery.io\/public_html\/wp-content\/plugins\/seo-by-rank-math\/assets\/admin\/img\/icon-play.png","position":"middle_center"},"gif":{"name":"Ikona GIF","url":"https:\/\/codelivery.tech\/wp-content\/plugins\/seo-by-rank-math\/assets\/admin\/img\/icon-gif.png","path":"\/home\/klient.dhosting.pl\/key2print\/codelivery.io\/public_html\/wp-content\/plugins\/seo-by-rank-math\/assets\/admin\/img\/icon-gif.png","position":"middle_center"}},"defautOgImage":"https:\/\/codelivery.tech\/wp-content\/plugins\/seo-by-rank-math\/assets\/admin\/img\/social-placeholder.jpg","customPermalinks":true,"isUserRegistered":true,"autoSuggestKeywords":true,"connectSiteUrl":"https:\/\/rankmath.com\/auth?site=https%3A%2F%2Fcodelivery.tech%2Fpl&r=https%3A%2F%2Fcodelivery.tech%2Fpl%2Fwp-json%2Fwp%2Fv2%2Fpages%2F23947266%3Fnonce%3De6b59508b4&pro=1","maxTags":100,"trendsIcon":"<svg viewBox=\"0 0 610 610\"><path d=\"M18.85,446,174.32,290.48l58.08,58.08L76.93,504a14.54,14.54,0,0,1-20.55,0L18.83,466.48a14.54,14.54,0,0,1,0-20.55Z\" style=\"fill:#4285f4\"\/><path d=\"M242.65,242.66,377.59,377.6l-47.75,47.75a14.54,14.54,0,0,1-20.55,0L174.37,290.43l47.75-47.75A14.52,14.52,0,0,1,242.65,242.66Z\" style=\"fill:#ea4335\"\/><polygon points=\"319.53 319.53 479.26 159.8 537.34 217.88 377.61 377.62 319.53 319.53\" style=\"fill:#fabb05\"\/><path d=\"M594.26,262.73V118.61h0a16.94,16.94,0,0,0-16.94-16.94H433.2a16.94,16.94,0,0,0-12,28.92L565.34,274.71h0a16.94,16.94,0,0,0,28.92-12Z\" style=\"fill:#34a853\"\/><rect width=\"610\" height=\"610\" style=\"fill:none\"\/><\/svg>","showScore":true,"siteFavIcon":"https:\/\/codelivery.tech\/wp-content\/uploads\/2024\/01\/cropped-favico-32x32.png","canUser":{"general":false,"advanced":false,"snippet":false,"social":false,"analysis":false,"analytics":false,"content_ai":false},"isPro":true,"is_front_page":false,"trendsUpgradeLink":"https:\/\/rankmath.com\/pricing\/?utm_source=Plugin&utm_medium=CE%20General%20Tab%20Trends&utm_campaign=WP","trendsUpgradeLabel":"Ulepszenie","trendsPreviewImage":"https:\/\/codelivery.tech\/wp-content\/plugins\/seo-by-rank-math\/assets\/admin\/img\/trends-preview.jpg","currentEditor":false,"homepageData":{"assessor":{"powerWords":[],"diacritics":true,"researchesTests":["contentHasTOC","contentHasShortParagraphs","contentHasAssets","keywordInTitle","keywordInMetaDescription","keywordInPermalink","keywordIn10Percent","keywordInContent","keywordInSubheadings","keywordInImageAlt","keywordDensity","keywordNotUsed","lengthContent","lengthPermalink","linksHasInternal","linksHasExternals","linksNotAllExternals","titleStartWithKeyword","titleSentiment","titleHasPowerWords","titleHasNumber","hasContentAI"],"hasBreadcrumb":true,"serpData":{"title":"%sitename% %page% %sep% %sitedesc%","description":"","titleTemplate":"%sitename% %page% %sep% %sitedesc%","descriptionTemplate":"","focusKeywords":"","breadcrumbTitle":"Strona g\u0142\u00f3wna","robots":{"index":true},"advancedRobots":[],"facebookTitle":"","facebookDescription":"","facebookImage":"","facebookImageID":""}}}},"_links":{"self":[{"href":"https:\/\/codelivery.tech\/pl\/wp-json\/wp\/v2\/pages\/23947266","targetHints":{"allow":["GET"]}}],"collection":[{"href":"https:\/\/codelivery.tech\/pl\/wp-json\/wp\/v2\/pages"}],"about":[{"href":"https:\/\/codelivery.tech\/pl\/wp-json\/wp\/v2\/types\/page"}],"author":[{"embeddable":true,"href":"https:\/\/codelivery.tech\/pl\/wp-json\/wp\/v2\/users\/1"}],"replies":[{"embeddable":true,"href":"https:\/\/codelivery.tech\/pl\/wp-json\/wp\/v2\/comments?post=23947266"}],"version-history":[{"count":2,"href":"https:\/\/codelivery.tech\/pl\/wp-json\/wp\/v2\/pages\/23947266\/revisions"}],"predecessor-version":[{"id":23947270,"href":"https:\/\/codelivery.tech\/pl\/wp-json\/wp\/v2\/pages\/23947266\/revisions\/23947270"}],"wp:attachment":[{"href":"https:\/\/codelivery.tech\/pl\/wp-json\/wp\/v2\/media?parent=23947266"}],"wp:term":[{"taxonomy":"dipi_cpt_category","embeddable":true,"href":"https:\/\/codelivery.tech\/pl\/wp-json\/wp\/v2\/dipi_cpt_category?post=23947266"}],"curies":[{"name":"wp","href":"https:\/\/api.w.org\/{rel}","templated":true}]}}